{"id":182,"date":"2024-06-22T06:54:07","date_gmt":"2024-06-22T06:54:07","guid":{"rendered":"https:\/\/guventekenerji.com\/?page_id=182"},"modified":"2024-08-30T12:54:22","modified_gmt":"2024-08-30T12:54:22","slug":"hakkimizda","status":"publish","type":"page","link":"https:\/\/guventekenerji.com\/en\/hakkimizda\/","title":{"rendered":"Hakk\u0131m\u0131zda"},"content":{"rendered":"<div data-elementor-type=\"wp-page\" data-elementor-id=\"182\" class=\"elementor elementor-182\">\n\t\t\t\t<div class=\"elementor-element elementor-element-4d8a6cd e-flex e-con-boxed e-con e-parent\" data-id=\"4d8a6cd\" data-element_type=\"container\" data-settings=\"{&quot;background_background&quot;:&quot;classic&quot;}\">\n\t\t\t\t\t<div class=\"e-con-inner\">\n\t\t<div class=\"elementor-element elementor-element-8617b7d e-con-full e-flex e-con e-child\" data-id=\"8617b7d\" data-element_type=\"container\">\n\t\t\t\t<div class=\"elementor-element elementor-element-02f6159 elementor-invisible elementor-widget elementor-widget-heading\" data-id=\"02f6159\" data-element_type=\"widget\" data-settings=\"{&quot;_animation&quot;:&quot;fadeInUp&quot;}\" data-widget_type=\"heading.default\">\n\t\t\t\t<div class=\"elementor-widget-container\">\n\t\t\t<style>\/*! elementor - v3.22.0 - 17-06-2024 *\/\n.elementor-heading-title{padding:0;margin:0;line-height:1}.elementor-widget-heading .elementor-heading-title[class*=elementor-size-]>a{color:inherit;font-size:inherit;line-height:inherit}.elementor-widget-heading .elementor-heading-title.elementor-size-small{font-size:15px}.elementor-widget-heading .elementor-heading-title.elementor-size-medium{font-size:19px}.elementor-widget-heading .elementor-heading-title.elementor-size-large{font-size:29px}.elementor-widget-heading .elementor-heading-title.elementor-size-xl{font-size:39px}.elementor-widget-heading .elementor-heading-title.elementor-size-xxl{font-size:59px}<\/style><h2 class=\"elementor-heading-title elementor-size-default\">KURUMSAL<\/h2>\t\t<\/div>\n\t\t\t\t<\/div>\n\t\t\t\t<div class=\"elementor-element elementor-element-a02be44 animated-slow elementor-invisible elementor-widget elementor-widget-heading\" data-id=\"a02be44\" data-element_type=\"widget\" data-settings=\"{&quot;_animation_delay&quot;:200,&quot;_animation&quot;:&quot;slideInUp&quot;}\" data-widget_type=\"heading.default\">\n\t\t\t\t<div class=\"elementor-widget-container\">\n\t\t\t<h2 class=\"elementor-heading-title elementor-size-default\">HAKKIMIZDA<\/h2>\t\t<\/div>\n\t\t\t\t<\/div>\n\t\t\t\t<div class=\"elementor-element elementor-element-9fe7947 elementor-widget elementor-widget-button\" data-id=\"9fe7947\" data-element_type=\"widget\" data-widget_type=\"button.default\">\n\t\t\t\t<div class=\"elementor-widget-container\">\n\t\t\t\t\t<div class=\"elementor-button-wrapper\">\n\t\t\t<a class=\"elementor-button elementor-button-link elementor-size-sm\" href=\"#\">\n\t\t\t\t\t\t<span class=\"elementor-button-content-wrapper\">\n\t\t\t\t\t\t\t\t\t<span class=\"elementor-button-text\">\u0130LET\u0130\u015e\u0130M<\/span>\n\t\t\t\t\t<\/span>\n\t\t\t\t\t<\/a>\n\t\t<\/div>\n\t\t\t\t<\/div>\n\t\t\t\t<\/div>\n\t\t\t\t<\/div>\n\t\t<div class=\"elementor-element elementor-element-8c4b916 e-con-full e-flex e-con e-child\" data-id=\"8c4b916\" data-element_type=\"container\">\n\t\t\t\t<\/div>\n\t\t\t\t\t<\/div>\n\t\t\t\t<\/div>\n\t\t<div class=\"elementor-element elementor-element-77c7d30 e-flex e-con-boxed e-con e-parent\" data-id=\"77c7d30\" data-element_type=\"container\">\n\t\t\t\t\t<div class=\"e-con-inner\">\n\t\t<div class=\"elementor-element elementor-element-c50d4fb e-con-full e-flex e-con e-child\" data-id=\"c50d4fb\" data-element_type=\"container\">\n\t\t<div class=\"elementor-element elementor-element-da4d8ad e-con-full e-flex elementor-invisible e-con e-child\" data-id=\"da4d8ad\" data-element_type=\"container\" data-settings=\"{&quot;background_background&quot;:&quot;classic&quot;,&quot;animation&quot;:&quot;fadeInUp&quot;}\">\n\t\t<div class=\"elementor-element elementor-element-e7bba3f e-con-full e-flex e-con e-child\" data-id=\"e7bba3f\" data-element_type=\"container\">\n\t\t\t\t<div class=\"elementor-element elementor-element-af639d2 elementor-widget elementor-widget-counter\" data-id=\"af639d2\" data-element_type=\"widget\" data-widget_type=\"counter.default\">\n\t\t\t\t<div class=\"elementor-widget-container\">\n\t\t\t<style>\/*! elementor - v3.22.0 - 17-06-2024 *\/\n.elementor-counter{display:flex;justify-content:center;align-items:stretch;flex-direction:column-reverse}.elementor-counter .elementor-counter-number{flex-grow:var(--counter-number-grow,0)}.elementor-counter .elementor-counter-number-wrapper{flex:1;display:flex;font-size:69px;font-weight:600;line-height:1;text-align:center}.elementor-counter .elementor-counter-number-prefix{text-align:end;flex-grow:var(--counter-prefix-grow,1);white-space:pre-wrap}.elementor-counter .elementor-counter-number-suffix{text-align:start;flex-grow:var(--counter-suffix-grow,1);white-space:pre-wrap}.elementor-counter .elementor-counter-title{flex:1;display:flex;justify-content:center;align-items:center;margin:0;padding:0;font-size:19px;font-weight:400;line-height:2.5}<\/style>\t\t<div class=\"elementor-counter\">\n\t\t\t\t\t\t<div class=\"elementor-counter-number-wrapper\">\n\t\t\t\t<span class=\"elementor-counter-number-prefix\"><\/span>\n\t\t\t\t<span class=\"elementor-counter-number\" data-duration=\"2000\" data-to-value=\"7000\" data-from-value=\"0\" data-delimiter=\",\">0<\/span>\n\t\t\t\t<span class=\"elementor-counter-number-suffix\">+<\/span>\n\t\t\t<\/div>\n\t\t<\/div>\n\t\t\t\t<\/div>\n\t\t\t\t<\/div>\n\t\t\t\t<div class=\"elementor-element elementor-element-54984e3 elementor-widget elementor-widget-heading\" data-id=\"54984e3\" data-element_type=\"widget\" data-widget_type=\"heading.default\">\n\t\t\t\t<div class=\"elementor-widget-container\">\n\t\t\t<h2 class=\"elementor-heading-title elementor-size-default\">Geni\u015fleyen \u00dcr\u00fcn Yelpazemiz ile Her Zaman Yan\u0131n\u0131zday\u0131z<\/h2>\t\t<\/div>\n\t\t\t\t<\/div>\n\t\t\t\t<\/div>\n\t\t\t\t<\/div>\n\t\t<div class=\"elementor-element elementor-element-ffdb240 e-con-full e-flex elementor-invisible e-con e-child\" data-id=\"ffdb240\" data-element_type=\"container\" data-settings=\"{&quot;animation&quot;:&quot;fadeInUp&quot;,&quot;animation_delay&quot;:400}\">\n\t\t<div class=\"elementor-element elementor-element-c2ceaed e-con-full e-flex e-con e-child\" data-id=\"c2ceaed\" data-element_type=\"container\">\n\t\t\t\t<div class=\"elementor-element elementor-element-0494427 elementor-widget elementor-widget-counter\" data-id=\"0494427\" data-element_type=\"widget\" data-widget_type=\"counter.default\">\n\t\t\t\t<div class=\"elementor-widget-container\">\n\t\t\t\t\t<div class=\"elementor-counter\">\n\t\t\t\t\t\t<div class=\"elementor-counter-number-wrapper\">\n\t\t\t\t<span class=\"elementor-counter-number-prefix\"><\/span>\n\t\t\t\t<span class=\"elementor-counter-number\" data-duration=\"2000\" data-to-value=\"200\" data-from-value=\"0\" data-delimiter=\",\">0<\/span>\n\t\t\t\t<span class=\"elementor-counter-number-suffix\">+<\/span>\n\t\t\t<\/div>\n\t\t<\/div>\n\t\t\t\t<\/div>\n\t\t\t\t<\/div>\n\t\t\t\t<div class=\"elementor-element elementor-element-1fd563b elementor-widget elementor-widget-heading\" data-id=\"1fd563b\" data-element_type=\"widget\" data-widget_type=\"heading.default\">\n\t\t\t\t<div class=\"elementor-widget-container\">\n\t\t\t<h2 class=\"elementor-heading-title elementor-size-default\">\u00c7al\u0131\u015ft\u0131\u011f\u0131m\u0131z Markalar ile G\u00fc\u00e7l\u00fc Ortakl\u0131klar<\/h2>\t\t<\/div>\n\t\t\t\t<\/div>\n\t\t\t\t<\/div>\n\t\t\t\t<\/div>\n\t\t<div class=\"elementor-element elementor-element-ea8e63e e-con-full e-flex elementor-invisible e-con e-child\" data-id=\"ea8e63e\" data-element_type=\"container\" data-settings=\"{&quot;animation&quot;:&quot;fadeInUp&quot;,&quot;animation_delay&quot;:400}\">\n\t\t<div class=\"elementor-element elementor-element-8698e4e e-con-full e-flex e-con e-child\" data-id=\"8698e4e\" data-element_type=\"container\">\n\t\t\t\t<div class=\"elementor-element elementor-element-bb8077a elementor-widget elementor-widget-counter\" data-id=\"bb8077a\" data-element_type=\"widget\" data-widget_type=\"counter.default\">\n\t\t\t\t<div class=\"elementor-widget-container\">\n\t\t\t\t\t<div class=\"elementor-counter\">\n\t\t\t\t\t\t<div class=\"elementor-counter-number-wrapper\">\n\t\t\t\t<span class=\"elementor-counter-number-prefix\">%<\/span>\n\t\t\t\t<span class=\"elementor-counter-number\" data-duration=\"2000\" data-to-value=\"100\" data-from-value=\"0\" data-delimiter=\",\">0<\/span>\n\t\t\t\t<span class=\"elementor-counter-number-suffix\"><\/span>\n\t\t\t<\/div>\n\t\t<\/div>\n\t\t\t\t<\/div>\n\t\t\t\t<\/div>\n\t\t\t\t<div class=\"elementor-element elementor-element-a38e613 elementor-widget elementor-widget-heading\" data-id=\"a38e613\" data-element_type=\"widget\" data-widget_type=\"heading.default\">\n\t\t\t\t<div class=\"elementor-widget-container\">\n\t\t\t<h2 class=\"elementor-heading-title elementor-size-default\">M\u00fc\u015fteri Memnuniyeti Odakl\u0131 \u015eirket Politikam\u0131z<\/h2>\t\t<\/div>\n\t\t\t\t<\/div>\n\t\t\t\t<\/div>\n\t\t\t\t<\/div>\n\t\t\t\t<\/div>\n\t\t<div class=\"elementor-element elementor-element-c38c53b e-con-full e-flex e-con e-child\" data-id=\"c38c53b\" data-element_type=\"container\">\n\t\t\t\t<div class=\"elementor-element elementor-element-1581368 elementor-widget__width-initial elementor-widget-laptop__width-initial elementor-invisible elementor-widget elementor-widget-heading\" data-id=\"1581368\" data-element_type=\"widget\" data-settings=\"{&quot;_animation&quot;:&quot;fadeInUp&quot;,&quot;_animation_delay&quot;:200}\" data-widget_type=\"heading.default\">\n\t\t\t\t<div class=\"elementor-widget-container\">\n\t\t\t<h2 class=\"elementor-heading-title elementor-size-default\">Teknoloji ve Kalitede S\u0131n\u0131rlar\u0131 Zorluyoruz.<\/h2>\t\t<\/div>\n\t\t\t\t<\/div>\n\t\t\t\t<div class=\"elementor-element elementor-element-147e972 elementor-widget__width-initial elementor-widget-laptop__width-initial elementor-invisible elementor-widget elementor-widget-heading\" data-id=\"147e972\" data-element_type=\"widget\" data-settings=\"{&quot;_animation&quot;:&quot;fadeInUp&quot;,&quot;_animation_delay&quot;:400}\" data-widget_type=\"heading.default\">\n\t\t\t\t<div class=\"elementor-widget-container\">\n\t\t\t<h4 class=\"elementor-heading-title elementor-size-default\">Firmam\u0131z talepleriniz do\u011frultusunda \u00fcr\u00fcn yelpazesini s\u00fcrekli olarak art\u0131rarak dura\u011fan bir olu\u015fumun kar\u015f\u0131s\u0131nda yer almaktad\u0131r.<\/h4>\t\t<\/div>\n\t\t\t\t<\/div>\n\t\t\t\t<div class=\"elementor-element elementor-element-a483094 elementor-widget__width-initial elementor-widget-laptop__width-initial elementor-invisible elementor-widget elementor-widget-text-editor\" data-id=\"a483094\" data-element_type=\"widget\" data-settings=\"{&quot;_animation&quot;:&quot;fadeInUp&quot;,&quot;_animation_delay&quot;:600}\" data-widget_type=\"text-editor.default\">\n\t\t\t\t<div class=\"elementor-widget-container\">\n\t\t\t<style>\/*! elementor - v3.22.0 - 17-06-2024 *\/\n.elementor-widget-text-editor.elementor-drop-cap-view-stacked .elementor-drop-cap{background-color:#69727d;color:#fff}.elementor-widget-text-editor.elementor-drop-cap-view-framed .elementor-drop-cap{color:#69727d;border:3px solid;background-color:transparent}.elementor-widget-text-editor:not(.elementor-drop-cap-view-default) .elementor-drop-cap{margin-top:8px}.elementor-widget-text-editor:not(.elementor-drop-cap-view-default) .elementor-drop-cap-letter{width:1em;height:1em}.elementor-widget-text-editor .elementor-drop-cap{float:left;text-align:center;line-height:1;font-size:50px}.elementor-widget-text-editor .elementor-drop-cap-letter{display:inline-block}<\/style>\t\t\t\t<p>G\u00fcventek Enerji Sanayi ve D\u0131\u015f Ticaret Limited \u015eirketi 2017 y\u0131l\u0131ndan g\u00fcn\u00fcm\u00fcze elektrik, mekanik, kontrol \u00fcr\u00fcnlerinin ihracat ve ithalat\u0131n\u0131 global \u00f6l\u00e7ekte ger\u00e7ekle\u015ftirmektedir. Bu yolda ilerlerken iki y\u00fcze yak\u0131n markayla ili\u015fki kurup her ge\u00e7en g\u00fcn bu say\u0131y\u0131 artt\u0131rarak m\u00fc\u015fterilerimizin ihtiya\u00e7lar\u0131n\u0131 g\u00fcvenle kar\u015f\u0131lamaktay\u0131z. Firmam\u0131z talepleriniz do\u011frultusunda \u00fcr\u00fcn yelpazesini s\u00fcrekli olarak art\u0131rarak dura\u011fan bir olu\u015fumun kar\u015f\u0131s\u0131nda yer almaktad\u0131r. Dinamik m\u00fchendis ekibimizle beraber hem kendimizi hem sizleri geli\u015ftirmek i\u00e7in \u00e7al\u0131\u015fmalar\u0131m\u0131z\u0131 h\u0131z kesmeden s\u00fcrd\u00fcrmekteyiz. S\u00fcregelen \u015firket politikam\u0131z m\u00fc\u015fterilerimizin memnuniyetini garanti etmektedir.<\/p>\t\t\t\t\t\t<\/div>\n\t\t\t\t<\/div>\n\t\t\t\t<\/div>\n\t\t\t\t\t<\/div>\n\t\t\t\t<\/div>\n\t\t<div class=\"elementor-element elementor-element-98f1f95 e-flex e-con-boxed e-con e-parent\" data-id=\"98f1f95\" data-element_type=\"container\">\n\t\t\t\t\t<div class=\"e-con-inner\">\n\t\t<div class=\"elementor-element elementor-element-7a34ae8 e-con-full e-flex e-con e-child\" data-id=\"7a34ae8\" data-element_type=\"container\" data-settings=\"{&quot;background_background&quot;:&quot;classic&quot;}\">\n\t\t<div class=\"elementor-element elementor-element-dd6dec7 e-flex e-con-boxed e-con e-child\" data-id=\"dd6dec7\" data-element_type=\"container\">\n\t\t\t\t\t<div class=\"e-con-inner\">\n\t\t<div class=\"elementor-element elementor-element-1f7fbf7 e-con-full e-flex elementor-invisible e-con e-child\" data-id=\"1f7fbf7\" data-element_type=\"container\" data-settings=\"{&quot;background_background&quot;:&quot;classic&quot;,&quot;animation&quot;:&quot;fadeInUp&quot;}\">\n\t\t<div class=\"elementor-element elementor-element-6ec6615 e-flex e-con-boxed e-con e-child\" data-id=\"6ec6615\" data-element_type=\"container\">\n\t\t\t\t\t<div class=\"e-con-inner\">\n\t\t<div class=\"elementor-element elementor-element-67b1ac2 e-con-full e-flex e-con e-child\" data-id=\"67b1ac2\" data-element_type=\"container\">\n\t\t\t\t<div class=\"elementor-element elementor-element-1b1a502 elementor-widget elementor-widget-image\" data-id=\"1b1a502\" data-element_type=\"widget\" data-widget_type=\"image.default\">\n\t\t\t\t<div class=\"elementor-widget-container\">\n\t\t\t<style>\/*! elementor - v3.22.0 - 17-06-2024 *\/\n.elementor-widget-image{text-align:center}.elementor-widget-image a{display:inline-block}.elementor-widget-image a img[src$=\".svg\"]{width:48px}.elementor-widget-image img{vertical-align:middle;display:inline-block}<\/style>\t\t\t\t\t\t\t\t\t\t<img fetchpriority=\"high\" decoding=\"async\" width=\"512\" height=\"512\" src=\"https:\/\/guventekenerji.com\/wp-content\/uploads\/2024\/06\/ecology.png\" class=\"attachment-large size-large wp-image-33\" alt=\"\" srcset=\"https:\/\/guventekenerji.com\/wp-content\/uploads\/2024\/06\/ecology.png 512w, https:\/\/guventekenerji.com\/wp-content\/uploads\/2024\/06\/ecology-300x300.png 300w, https:\/\/guventekenerji.com\/wp-content\/uploads\/2024\/06\/ecology-150x150.png 150w\" sizes=\"(max-width: 512px) 100vw, 512px\" \/>\t\t\t\t\t\t\t\t\t\t\t\t\t<\/div>\n\t\t\t\t<\/div>\n\t\t\t\t<\/div>\n\t\t<div class=\"elementor-element elementor-element-b67d8d9 e-con-full e-flex e-con e-child\" data-id=\"b67d8d9\" data-element_type=\"container\">\n\t\t\t\t<div class=\"elementor-element elementor-element-1895676 elementor-widget elementor-widget-heading\" data-id=\"1895676\" data-element_type=\"widget\" data-widget_type=\"heading.default\">\n\t\t\t\t<div class=\"elementor-widget-container\">\n\t\t\t<h2 class=\"elementor-heading-title elementor-size-default\">Vizyonumuz<\/h2>\t\t<\/div>\n\t\t\t\t<\/div>\n\t\t\t\t<div class=\"elementor-element elementor-element-5d5091e elementor-widget__width-inherit elementor-widget-laptop__width-initial elementor-invisible elementor-widget elementor-widget-text-editor\" data-id=\"5d5091e\" data-element_type=\"widget\" data-settings=\"{&quot;_animation&quot;:&quot;fadeInUp&quot;}\" data-widget_type=\"text-editor.default\">\n\t\t\t\t<div class=\"elementor-widget-container\">\n\t\t\t\t\t\t\t<p>Sekt\u00f6rde istikrarla b\u00fcy\u00fcmeye devam eden firmam\u0131z\u0131n projelerinizdeki her gereksinim i\u00e7in akl\u0131n\u0131za gelen ilk tercih olmas\u0131 ilkemizdir. \u00dcr\u00fcn tedari\u011fi boyunca ve sonras\u0131nda teknik destek hizmetimizle m\u00fc\u015fterilerimizin her zaman yan\u0131nda olarak tek seferlik anla\u015fma olarak g\u00f6rmeyip tercihlerinin s\u00fcreklili\u011fi bizim i\u00e7in esast\u0131r.<\/p>\t\t\t\t\t\t<\/div>\n\t\t\t\t<\/div>\n\t\t\t\t<\/div>\n\t\t\t\t\t<\/div>\n\t\t\t\t<\/div>\n\t\t\t\t<\/div>\n\t\t<div class=\"elementor-element elementor-element-5591182 e-con-full e-flex elementor-invisible e-con e-child\" data-id=\"5591182\" data-element_type=\"container\" data-settings=\"{&quot;background_background&quot;:&quot;classic&quot;,&quot;animation&quot;:&quot;fadeInUp&quot;,&quot;animation_delay&quot;:200}\">\n\t\t<div class=\"elementor-element elementor-element-05fd221 e-flex e-con-boxed e-con e-child\" data-id=\"05fd221\" data-element_type=\"container\">\n\t\t\t\t\t<div class=\"e-con-inner\">\n\t\t<div class=\"elementor-element elementor-element-3b09d6d e-con-full e-flex e-con e-child\" data-id=\"3b09d6d\" data-element_type=\"container\">\n\t\t\t\t<div class=\"elementor-element elementor-element-3682941 elementor-widget elementor-widget-image\" data-id=\"3682941\" data-element_type=\"widget\" data-widget_type=\"image.default\">\n\t\t\t\t<div class=\"elementor-widget-container\">\n\t\t\t\t\t\t\t\t\t\t\t\t\t<img decoding=\"async\" width=\"512\" height=\"512\" src=\"https:\/\/guventekenerji.com\/wp-content\/uploads\/2024\/06\/ecology-1.png\" class=\"attachment-large size-large wp-image-34\" alt=\"\" srcset=\"https:\/\/guventekenerji.com\/wp-content\/uploads\/2024\/06\/ecology-1.png 512w, https:\/\/guventekenerji.com\/wp-content\/uploads\/2024\/06\/ecology-1-300x300.png 300w, https:\/\/guventekenerji.com\/wp-content\/uploads\/2024\/06\/ecology-1-150x150.png 150w\" sizes=\"(max-width: 512px) 100vw, 512px\" \/>\t\t\t\t\t\t\t\t\t\t\t\t\t<\/div>\n\t\t\t\t<\/div>\n\t\t\t\t<\/div>\n\t\t<div class=\"elementor-element elementor-element-36efae7 e-con-full e-flex e-con e-child\" data-id=\"36efae7\" data-element_type=\"container\">\n\t\t\t\t<div class=\"elementor-element elementor-element-81ff4d0 elementor-widget elementor-widget-heading\" data-id=\"81ff4d0\" data-element_type=\"widget\" data-widget_type=\"heading.default\">\n\t\t\t\t<div class=\"elementor-widget-container\">\n\t\t\t<h2 class=\"elementor-heading-title elementor-size-default\">Misyonumuz<\/h2>\t\t<\/div>\n\t\t\t\t<\/div>\n\t\t\t\t<div class=\"elementor-element elementor-element-2370fb2 elementor-widget__width-inherit elementor-widget-laptop__width-initial elementor-invisible elementor-widget elementor-widget-text-editor\" data-id=\"2370fb2\" data-element_type=\"widget\" data-settings=\"{&quot;_animation&quot;:&quot;fadeInUp&quot;}\" data-widget_type=\"text-editor.default\">\n\t\t\t\t<div class=\"elementor-widget-container\">\n\t\t\t\t\t\t\t<p>Geli\u015fen ve de\u011fi\u015fen teknolojinin rehberli\u011finde taleplerinize finansal ve teknik a\u00e7\u0131dan en uygun \u00e7\u00f6z\u00fcmleri \u00fcretebilmektir. Uzun vadeli partnerlerimiz olarak g\u00f6rd\u00fc\u011f\u00fcm\u00fcz m\u00fc\u015fterilerimizin projelerini, uzman m\u00fchendis kadromuzla benimseyip gerekli her ekipman\u0131 kar\u015f\u0131lamak ve memnuniyetinizi her zaman maksimum d\u00fczeyde tutmak \u015firketimizin temel politikas\u0131d\u0131r.<\/p>\t\t\t\t\t\t<\/div>\n\t\t\t\t<\/div>\n\t\t\t\t<\/div>\n\t\t\t\t\t<\/div>\n\t\t\t\t<\/div>\n\t\t\t\t<\/div>\n\t\t\t\t\t<\/div>\n\t\t\t\t<\/div>\n\t\t\t\t<\/div>\n\t\t\t\t\t<\/div>\n\t\t\t\t<\/div>\n\t\t<div class=\"elementor-element elementor-element-e06b642 e-flex e-con-boxed e-con e-parent\" data-id=\"e06b642\" data-element_type=\"container\">\n\t\t\t\t\t<div class=\"e-con-inner\">\n\t\t<div class=\"elementor-element elementor-element-79fc573 e-con-full e-flex e-con e-child\" data-id=\"79fc573\" data-element_type=\"container\">\n\t\t<div class=\"elementor-element elementor-element-e578c0f e-con-full e-flex elementor-invisible e-con e-child\" data-id=\"e578c0f\" data-element_type=\"container\" data-settings=\"{&quot;background_background&quot;:&quot;classic&quot;,&quot;animation&quot;:&quot;fadeInUp&quot;,&quot;animation_delay&quot;:400}\">\n\t\t\t\t<div class=\"elementor-element elementor-element-8786a43 elementor-widget elementor-widget-spacer\" data-id=\"8786a43\" data-element_type=\"widget\" data-widget_type=\"spacer.default\">\n\t\t\t\t<div class=\"elementor-widget-container\">\n\t\t\t<style>\/*! elementor - v3.22.0 - 17-06-2024 *\/\n.elementor-column .elementor-spacer-inner{height:var(--spacer-size)}.e-con{--container-widget-width:100%}.e-con-inner>.elementor-widget-spacer,.e-con>.elementor-widget-spacer{width:var(--container-widget-width,var(--spacer-size));--align-self:var(--container-widget-align-self,initial);--flex-shrink:0}.e-con-inner>.elementor-widget-spacer>.elementor-widget-container,.e-con>.elementor-widget-spacer>.elementor-widget-container{height:100%;width:100%}.e-con-inner>.elementor-widget-spacer>.elementor-widget-container>.elementor-spacer,.e-con>.elementor-widget-spacer>.elementor-widget-container>.elementor-spacer{height:100%}.e-con-inner>.elementor-widget-spacer>.elementor-widget-container>.elementor-spacer>.elementor-spacer-inner,.e-con>.elementor-widget-spacer>.elementor-widget-container>.elementor-spacer>.elementor-spacer-inner{height:var(--container-widget-height,var(--spacer-size))}.e-con-inner>.elementor-widget-spacer.elementor-widget-empty,.e-con>.elementor-widget-spacer.elementor-widget-empty{position:relative;min-height:22px;min-width:22px}.e-con-inner>.elementor-widget-spacer.elementor-widget-empty .elementor-widget-empty-icon,.e-con>.elementor-widget-spacer.elementor-widget-empty .elementor-widget-empty-icon{position:absolute;top:0;bottom:0;left:0;right:0;margin:auto;padding:0;width:22px;height:22px}<\/style>\t\t<div class=\"elementor-spacer\">\n\t\t\t<div class=\"elementor-spacer-inner\"><\/div>\n\t\t<\/div>\n\t\t\t\t<\/div>\n\t\t\t\t<\/div>\n\t\t<div class=\"elementor-element elementor-element-969e67e e-con-full e-flex e-con e-child\" data-id=\"969e67e\" data-element_type=\"container\" data-settings=\"{&quot;background_background&quot;:&quot;classic&quot;}\">\n\t\t\t\t<div class=\"elementor-element elementor-element-cdf495b elementor-widget elementor-widget-text-editor\" data-id=\"cdf495b\" data-element_type=\"widget\" data-widget_type=\"text-editor.default\">\n\t\t\t\t<div class=\"elementor-widget-container\">\n\t\t\t\t\t\t\t<p>\u00dcr\u00fcnlerimiz, hizmetlerimiz ve i\u015f ortakl\u0131klar\u0131m\u0131z hakk\u0131nda daha fazla bilgi almak i\u00e7in bizimle ileti\u015fime ge\u00e7in.<\/p>\t\t\t\t\t\t<\/div>\n\t\t\t\t<\/div>\n\t\t\t\t<\/div>\n\t\t\t\t<\/div>\n\t\t\t\t<\/div>\n\t\t<div class=\"elementor-element elementor-element-51b7d41 e-con-full e-flex e-con e-child\" data-id=\"51b7d41\" data-element_type=\"container\">\n\t\t\t\t<div class=\"elementor-element elementor-element-a6f9867 elementor-widget__width-initial elementor-widget-laptop__width-initial elementor-invisible elementor-widget elementor-widget-heading\" data-id=\"a6f9867\" data-element_type=\"widget\" data-settings=\"{&quot;_animation&quot;:&quot;fadeInUp&quot;,&quot;_animation_delay&quot;:200}\" data-widget_type=\"heading.default\">\n\t\t\t\t<div class=\"elementor-widget-container\">\n\t\t\t<h2 class=\"elementor-heading-title elementor-size-default\">G\u00fc\u00e7l\u00fc \u0130leti\u015fim<br> G\u00fc\u00e7l\u00fc \u0130\u015fbirli\u011fi<\/h2>\t\t<\/div>\n\t\t\t\t<\/div>\n\t\t\t\t<div class=\"elementor-element elementor-element-bcbf209 elementor-widget__width-initial elementor-widget-laptop__width-initial elementor-invisible elementor-widget elementor-widget-heading\" data-id=\"bcbf209\" data-element_type=\"widget\" data-settings=\"{&quot;_animation&quot;:&quot;fadeInUp&quot;,&quot;_animation_delay&quot;:400}\" data-widget_type=\"heading.default\">\n\t\t\t\t<div class=\"elementor-widget-container\">\n\t\t\t<h4 class=\"elementor-heading-title elementor-size-default\">M\u00fc\u015fteri memnuniyeti odakl\u0131 hizmet anlay\u0131\u015f\u0131m\u0131zla, her zaman ula\u015f\u0131labilir olmaya \u00f6nem veriyoruz.<\/h4>\t\t<\/div>\n\t\t\t\t<\/div>\n\t\t\t\t<\/div>\n\t\t\t\t\t<\/div>\n\t\t\t\t<\/div>\n\t\t\t\t<\/div>","protected":false},"excerpt":{"rendered":"<p>KURUMSAL HAKKIMIZDA \u0130LET\u0130\u015e\u0130M 0 + Geni\u015fleyen \u00dcr\u00fcn Yelpazemiz ile Her Zaman Yan\u0131n\u0131zday\u0131z 0 + \u00c7al\u0131\u015ft\u0131\u011f\u0131m\u0131z Markalar ile G\u00fc\u00e7l\u00fc Ortakl\u0131klar % 0 M\u00fc\u015fteri Memnuniyeti Odakl\u0131 \u015eirket Politikam\u0131z Teknoloji ve Kalitede S\u0131n\u0131rlar\u0131 Zorluyoruz. Firmam\u0131z talepleriniz do\u011frultusunda \u00fcr\u00fcn yelpazesini s\u00fcrekli olarak art\u0131rarak dura\u011fan bir olu\u015fumun kar\u015f\u0131s\u0131nda yer almaktad\u0131r. G\u00fcventek Enerji Sanayi ve D\u0131\u015f Ticaret Limited \u015eirketi 2017 y\u0131l\u0131ndan [&hellip;]<\/p>","protected":false},"author":1,"featured_media":0,"parent":0,"menu_order":0,"comment_status":"closed","ping_status":"closed","template":"","meta":{"footnotes":""},"class_list":["post-182","page","type-page","status-publish","hentry"],"_links":{"self":[{"href":"https:\/\/guventekenerji.com\/en\/wp-json\/wp\/v2\/pages\/182","targetHints":{"allow":["GET"]}}],"collection":[{"href":"https:\/\/guventekenerji.com\/en\/wp-json\/wp\/v2\/pages"}],"about":[{"href":"https:\/\/guventekenerji.com\/en\/wp-json\/wp\/v2\/types\/page"}],"author":[{"embeddable":true,"href":"https:\/\/guventekenerji.com\/en\/wp-json\/wp\/v2\/users\/1"}],"replies":[{"embeddable":true,"href":"https:\/\/guventekenerji.com\/en\/wp-json\/wp\/v2\/comments?post=182"}],"version-history":[{"count":43,"href":"https:\/\/guventekenerji.com\/en\/wp-json\/wp\/v2\/pages\/182\/revisions"}],"predecessor-version":[{"id":915,"href":"https:\/\/guventekenerji.com\/en\/wp-json\/wp\/v2\/pages\/182\/revisions\/915"}],"wp:attachment":[{"href":"https:\/\/guventekenerji.com\/en\/wp-json\/wp\/v2\/media?parent=182"}],"curies":[{"name":"wp","href":"https:\/\/api.w.org\/{rel}","templated":true}]}}